{"id":576,"date":"2009-10-31T23:14:02","date_gmt":"2009-10-31T21:14:02","guid":{"rendered":"http:\/\/hjacob.com\/blog\/?page_id=576"},"modified":"2009-10-31T23:47:08","modified_gmt":"2009-10-31T21:47:08","slug":"archiv-monate","status":"publish","type":"page","link":"https:\/\/hjacob.com\/blog\/archiv-monate\/","title":{"rendered":"Blog Archiv &#8211; nach Monaten sortiert"},"content":{"rendered":"<p>Dieses Archiv beinhaltet alle Eintr\u00e4ge des Blogs und bietet sie chronologisch sortiert an. Bitte einfach den gew\u00fcnschten Monat w\u00e4hlen und dann werden alle Beitr\u00e4ge, die innerhalb dieses Monats ver\u00f6ffentlicht wurden, angezeigt.<\/p>\n<p>Ein <b><a href=\"\/blog\/archiv\/\" title=\"Zum kategorischen Archiv wechseln\">thematisches Archiv<\/a><\/b> gibt es \u00fcbrigens auch &#8211; dort kann man die Artikel nach Kategorien filtern.<\/p>\n","protected":false},"excerpt":{"rendered":"<p>Dieses Archiv beinhaltet alle Eintr\u00e4ge des Blogs und bietet sie chronologisch sortiert an. Bitte einfach den gew\u00fcnschten Monat w\u00e4hlen und dann werden alle Beitr\u00e4ge, die innerhalb dieses Monats ver\u00f6ffentlicht wurden, angezeigt. Ein thematisches Archiv gibt es \u00fcbrigens auch &#8211; dort kann man die Artikel nach Kategorien filtern.<\/p>\n","protected":false},"author":2,"featured_media":0,"parent":0,"menu_order":0,"comment_status":"closed","ping_status":"closed","template":"archiv-monate.php","meta":{"footnotes":""},"_links":{"self":[{"href":"https:\/\/hjacob.com\/blog\/wp-json\/wp\/v2\/pages\/576"}],"collection":[{"href":"https:\/\/hjacob.com\/blog\/wp-json\/wp\/v2\/pages"}],"about":[{"href":"https:\/\/hjacob.com\/blog\/wp-json\/wp\/v2\/types\/page"}],"author":[{"embeddable":true,"href":"https:\/\/hjacob.com\/blog\/wp-json\/wp\/v2\/users\/2"}],"replies":[{"embeddable":true,"href":"https:\/\/hjacob.com\/blog\/wp-json\/wp\/v2\/comments?post=576"}],"version-history":[{"count":10,"href":"https:\/\/hjacob.com\/blog\/wp-json\/wp\/v2\/pages\/576\/revisions"}],"predecessor-version":[{"id":593,"href":"https:\/\/hjacob.com\/blog\/wp-json\/wp\/v2\/pages\/576\/revisions\/593"}],"wp:attachment":[{"href":"https:\/\/hjacob.com\/blog\/wp-json\/wp\/v2\/media?parent=576"}],"curies":[{"name":"wp","href":"https:\/\/api.w.org\/{rel}","templated":true}]}}